{"id":5428,"date":"2020-11-03T12:35:39","date_gmt":"2020-11-03T17:35:39","guid":{"rendered":"https:\/\/www.digitaleyecenter.com\/politica-de-devolucion-y-reembolso\/"},"modified":"2020-11-03T12:35:39","modified_gmt":"2020-11-03T17:35:39","slug":"politica-de-devolucion-y-reembolso","status":"publish","type":"page","link":"https:\/\/www.digitaleyecenter.com\/es\/politica-de-devolucion-y-reembolso\/","title":{"rendered":"Pol\u00edtica de devoluci\u00f3n y reembolso"},"content":{"rendered":"<p>La compra de equipos y \/ o servicios de Digital Eye Center implica al comprador en un acuerdo vinculante con respecto a los t\u00e9rminos y condiciones establecidos en este documento.<\/p>\n<h2>Equipos Nuevos<\/h2>\n<ul>\n<li>Todos los equipos nuevos vienen con 1 a\u00f1o de garant\u00eda de f\u00e1brica, a menos que se indique lo contrario.<\/li>\n<\/ul>\n<h2>Equipo Reacondicionado<\/h2>\n<ul>\n<li>Los equipos \u00f3pticos reacondicionados o usados cuentan con una garant\u00eda de 90 d\u00edas contra defectos de mano de obra que cubren tanto las piezas como la mano de obra.<\/li>\n<li>Los instrumentos electr\u00f3nicos reacondicionados, a menos que se indique lo contrario, cuentan con 30 d\u00edas de garant\u00eda contra defectos de mano de obra que cubren tanto las piezas como la mano de obra.<\/li>\n<\/ul>\n<h2>Devoluciones<\/h2>\n<ul>\n<li>Todas las ventas de equipos son FINALES, ning\u00fan art\u00edculo puede devolverse sin la aprobaci\u00f3n del departamento de devoluciones y debe contener el n\u00famero RMA.<\/li>\n<li>Si se aprueba la devoluci\u00f3n de un art\u00edculo, se le cobrar\u00e1 una tarifa de reposici\u00f3n del 20%, a menos que se deba a un defecto de f\u00e1brica y no se aplicar\u00e1 la tarifa. La evaluaci\u00f3n de f\u00e1brica es necesaria antes de que se elimine la tarifa.<\/li>\n<li>El comprador dispone de 3 d\u00edas h\u00e1biles desde la recepci\u00f3n del equipo para reclamaciones de escasez o da\u00f1os de cualquier tipo. Las reclamaciones deben hacerse por escrito y en caso de da\u00f1os; El comprador debe conservar todos y cada uno de los empaques con el equipo para su inspecci\u00f3n. La falta de conservaci\u00f3n del embalaje anular\u00e1 sus derechos de reparaci\u00f3n que se produzcan como resultado de da\u00f1os de transporte.<\/li>\n<li>No se permiten devoluciones despu\u00e9s de 15 (quince) d\u00edas de haber recibido el pedido por cualquier motivo. Los pedidos especiales, fabricaci\u00f3n personalizada y servicios similares no son reembolsables ni retornables por ning\u00fan motivo.<\/li>\n<li>Todas las devoluciones, si se aprueban, deben ser devueltas prepagadas y en buenas condiciones. Cualquier deficiencia en el art\u00edculo devuelto debido al desgaste normal, negligencia, abuso, da\u00f1os de env\u00edo, etc. son responsabilidad del comprador y se evaluar\u00e1n las deducciones por reparaci\u00f3n. El Comprador autoriza a Digital Eye Center. para cobrar en la tarjeta de cr\u00e9dito del comprador las tarifas de reabastecimiento, los gastos de viaje y cualquier otro cargo evaluado por deficiencias como se establece en este p\u00e1rrafo.<\/li>\n<li>Todos los reembolsos aprobados se cargar\u00e1n al mismo m\u00e9todo de pago dentro de los 10 d\u00edas h\u00e1biles posteriores a la aprobaci\u00f3n del reembolso.<\/li>\n<li>Todo el equipo, a menos que se indique lo contrario, es FOB Miami, FL<\/li>\n<li>A menos que se indique lo contrario, el pago debe realizarse en el momento de realizar el pedido.<\/li>\n<li>Los costos de las cuentas atrasadas enviadas para cobros y \/ o cumplimiento de los t\u00e9rminos de venta, incluido el servicio de cobranza legal, etc., son responsabilidad del comprador y la ley vigente para todas las transacciones con Digital Eye Center se interpretar\u00e1 e interpretar\u00e1 en el estado de Florida.<\/li>\n<\/ul>\n<p>Comun\u00edquese con un representante de servicio al cliente de Digital Eye Center si tiene alguna pregunta.<\/p>\n","protected":false},"excerpt":{"rendered":"<p>La compra de equipos y \/ o servicios de Digital Eye Center implica al comprador en un acuerdo vinculante con respecto a los t\u00e9rminos y condiciones establecidos en este documento. Equipos Nuevos Todos los equipos nuevos vienen con 1 a\u00f1o de garant\u00eda de f\u00e1brica, a menos que se indique lo contrario. Equipo Reacondicionado Los equipos [&hellip;]<\/p>\n","protected":false},"author":1,"featured_media":0,"parent":0,"menu_order":0,"comment_status":"closed","ping_status":"open","template":"","meta":{"footnotes":""},"class_list":["post-5428","page","type-page","status-publish","hentry"],"_links":{"self":[{"href":"https:\/\/www.digitaleyecenter.com\/es\/wp-json\/wp\/v2\/pages\/5428","targetHints":{"allow":["GET"]}}],"collection":[{"href":"https:\/\/www.digitaleyecenter.com\/es\/wp-json\/wp\/v2\/pages"}],"about":[{"href":"https:\/\/www.digitaleyecenter.com\/es\/wp-json\/wp\/v2\/types\/page"}],"author":[{"embeddable":true,"href":"https:\/\/www.digitaleyecenter.com\/es\/wp-json\/wp\/v2\/users\/1"}],"replies":[{"embeddable":true,"href":"https:\/\/www.digitaleyecenter.com\/es\/wp-json\/wp\/v2\/comments?post=5428"}],"version-history":[{"count":0,"href":"https:\/\/www.digitaleyecenter.com\/es\/wp-json\/wp\/v2\/pages\/5428\/revisions"}],"wp:attachment":[{"href":"https:\/\/www.digitaleyecenter.com\/es\/wp-json\/wp\/v2\/media?parent=5428"}],"curies":[{"name":"wp","href":"https:\/\/api.w.org\/{rel}","templated":true}]}}