{"id":3208,"date":"2015-10-08T12:28:42","date_gmt":"2015-10-08T16:28:42","guid":{"rendered":"https:\/\/www.digitaleyecenter.com\/product\/adaptador-iphone-panoptic\/"},"modified":"2019-10-28T12:50:53","modified_gmt":"2019-10-28T16:50:53","slug":"adaptador-iphone-panoptic","status":"publish","type":"product","link":"https:\/\/www.digitaleyecenter.com\/es\/product\/adaptador-iphone-panoptic\/","title":{"rendered":"Adaptador de iPhone para oftalmoscopio Panoptic"},"content":{"rendered":"<p><iframe src=\"\/\/www.youtube.com\/embed\/USMZ-tfjLdw?rel=0\" width=\"400\" height=\"225\" frameborder=\"0\" allowfullscreen=\"allowfullscreen\"><span data-mce-type=\"bookmark\" style=\"display: inline-block; width: 0px; overflow: hidden; line-height: 0;\" class=\"mce_SELRES_start\">\ufeff<\/span><\/iframe><\/p>\n<p>El adaptador para iPhone del Oftalmoscopio Panoptic le permitir\u00e1 tomar fotos r\u00e1pidamente y con alta calidad utilizando casi cualquier tel\u00e9fono y su Panoptic de Welch Allyn.<\/p>\n<p>La diferencia con los adaptadores fijos es que este adaptador tiene 2 posiciones ajustables. Uno ajustar\u00e1 el ancho y el otro la posici\u00f3n del ocular. De esta manera se ajustar\u00e1 a cualquier tel\u00e9fono que desee usar (verifique las medidas a continuaci\u00f3n)<\/p>\n<h2>Ventajas del Adaptador Panoptic para iPhone:<\/h2>\n<ol>\n<li>Tome facilmente fotos y videos de fondo, y compartalas a trav\u00e9s de su iPhone o Android.<\/li>\n<li>Fotos de excelente calidad. Todos los tel\u00e9fonos le dar\u00e1n una calidad decente, desde 5 hasta m\u00e1s de 13 megap\u00edxeles<\/li>\n<li>El oftalmoscopio Panoptic Welch Allyn 11820 mas nuestro adaptador, tienen aplicaciones para oftalmolog\u00eda, diabetes, neurolog\u00eda y educaci\u00f3n.<\/li>\n<li>Aplicaciones educacionales conectando el iPhone o Android a pantallas externas para verlas en vivo.<\/li>\n<li>El tama\u00f1o es compatible con tel\u00e9fonos de pantallas de 4 &#8220;a 5.5&#8221;. Ancho m\u00e1ximo de 3.75 pulgadas<\/li>\n<li>Configuraci\u00f3n en segundos. No es necesario que retire su tel\u00e9fono del estuche.<\/li>\n<\/ol>\n<h2>El Set incluye:<\/h2>\n<ol>\n<li>Adaptador Panoptic para iPhone\n<ol>\n<li>Ancho Maximo 5.5 pulgadas.<\/li>\n<\/ol>\n<\/li>\n<\/ol>\n","protected":false},"excerpt":{"rendered":"<p>Ahora, con el Adaptador Panoptic para iPhone , puede usar cualquier tel\u00e9fono y usarlo con su Panoptic para tomar y compartir im\u00e1genes y videos del fondo del ojo.<\/p>\n<p>&nbsp;<\/p>\n","protected":false},"featured_media":762,"template":"","meta":{"footnotes":""},"product_brand":[],"product_cat":[132],"product_tag":[],"class_list":{"0":"post-3208","1":"product","2":"type-product","3":"status-publish","4":"has-post-thumbnail","6":"product_cat-fotografia-fondo-ojo","8":"first","9":"instock","10":"taxable","11":"shipping-taxable","12":"purchasable","13":"product-type-variable"},"df_price":397,"df_sale_price":"","df_regular_price":397,"df_image_link":"https:\/\/www.digitaleyecenter.com\/wp-content\/uploads\/2015\/10\/panoptic-adapter-2.jpg","_links":{"self":[{"href":"https:\/\/www.digitaleyecenter.com\/es\/wp-json\/wp\/v2\/product\/3208","targetHints":{"allow":["GET"]}}],"collection":[{"href":"https:\/\/www.digitaleyecenter.com\/es\/wp-json\/wp\/v2\/product"}],"about":[{"href":"https:\/\/www.digitaleyecenter.com\/es\/wp-json\/wp\/v2\/types\/product"}],"version-history":[{"count":0,"href":"https:\/\/www.digitaleyecenter.com\/es\/wp-json\/wp\/v2\/product\/3208\/revisions"}],"wp:featuredmedia":[{"embeddable":true,"href":"https:\/\/www.digitaleyecenter.com\/es\/wp-json\/wp\/v2\/media\/762"}],"wp:attachment":[{"href":"https:\/\/www.digitaleyecenter.com\/es\/wp-json\/wp\/v2\/media?parent=3208"}],"wp:term":[{"taxonomy":"product_brand","embeddable":true,"href":"https:\/\/www.digitaleyecenter.com\/es\/wp-json\/wp\/v2\/product_brand?post=3208"},{"taxonomy":"product_cat","embeddable":true,"href":"https:\/\/www.digitaleyecenter.com\/es\/wp-json\/wp\/v2\/product_cat?post=3208"},{"taxonomy":"product_tag","embeddable":true,"href":"https:\/\/www.digitaleyecenter.com\/es\/wp-json\/wp\/v2\/product_tag?post=3208"}],"curies":[{"name":"wp","href":"https:\/\/api.w.org\/{rel}","templated":true}]}}