{"id":3258,"date":"2015-12-15T15:32:05","date_gmt":"2015-12-15T20:32:05","guid":{"rendered":"https:\/\/www.digitaleyecenter.com\/?post_type=product&#038;p=3258"},"modified":"2018-09-17T00:51:28","modified_gmt":"2018-09-17T04:51:28","slug":"adaptador-smartphone-microscopio-quirurgico","status":"publish","type":"product","link":"https:\/\/www.digitaleyecenter.com\/es\/product\/adaptador-smartphone-microscopio-quirurgico\/","title":{"rendered":"Adaptador de Smartphone para Microscopio Quirurgico"},"content":{"rendered":"<p><iframe src=\"\/\/www.youtube.com\/embed\/Md38hAas_S0?rel=0\" width=\"400\" height=\"225\" frameborder=\"0\" allowfullscreen=\"allowfullscreen\" data-mce-fragment=\"1\"><span data-mce-type=\"bookmark\" style=\"display: inline-block; width: 0px; overflow: hidden; line-height: 0;\" class=\"mce_SELRES_start\">\ufeff<\/span><\/iframe><\/p>\n","protected":false},"excerpt":{"rendered":"<p>El adaptador de Smartphone para Microscopio Quirurgico se conecta a un puerto divisor de imagenes est\u00e1ndar y a casi cualquier tel\u00e9fono inteligente para im\u00e1genes HD y video. Este accesorio para microscopio hace facil y seguro compartir sus videos e im\u00e1genes .<\/p>\n<p>Nota: Tiempo de entrega &#8211; 5 dias habiles<\/p>\n<p>Fits any of our <a href=\"https:\/\/www.digitaleyecenter.com\/product-category\/anterior-photography\/slit-lamp-beam-splitters-adapters\/\" target=\"_blank\" rel=\"noopener noreferrer\">Slit Lamp Digital Kits<\/a> or <a href=\"https:\/\/www.digitaleyecenter.com\/product-category\/anterior-photography\/surgical-microscopes-beam-splitter-cameras\/\" target=\"_blank\" rel=\"noopener noreferrer\">Microscope Kits<\/a><\/p>\n","protected":false},"featured_media":7130,"template":"","meta":{"footnotes":""},"product_brand":[],"product_cat":[134],"product_tag":[],"class_list":{"0":"post-3258","1":"product","2":"type-product","3":"status-publish","4":"has-post-thumbnail","6":"product_cat-adaptores-video-lamparas-hendidura","8":"first","9":"instock","10":"taxable","11":"shipping-taxable","12":"purchasable","13":"product-type-simple"},"df_price":1897,"df_sale_price":"","df_regular_price":1897,"df_image_link":"https:\/\/www.digitaleyecenter.com\/wp-content\/uploads\/2015\/12\/DEC-SV-UNI-1-300x300.jpeg","_links":{"self":[{"href":"https:\/\/www.digitaleyecenter.com\/es\/wp-json\/wp\/v2\/product\/3258","targetHints":{"allow":["GET"]}}],"collection":[{"href":"https:\/\/www.digitaleyecenter.com\/es\/wp-json\/wp\/v2\/product"}],"about":[{"href":"https:\/\/www.digitaleyecenter.com\/es\/wp-json\/wp\/v2\/types\/product"}],"version-history":[{"count":0,"href":"https:\/\/www.digitaleyecenter.com\/es\/wp-json\/wp\/v2\/product\/3258\/revisions"}],"wp:featuredmedia":[{"embeddable":true,"href":"https:\/\/www.digitaleyecenter.com\/es\/wp-json\/wp\/v2\/media\/7130"}],"wp:attachment":[{"href":"https:\/\/www.digitaleyecenter.com\/es\/wp-json\/wp\/v2\/media?parent=3258"}],"wp:term":[{"taxonomy":"product_brand","embeddable":true,"href":"https:\/\/www.digitaleyecenter.com\/es\/wp-json\/wp\/v2\/product_brand?post=3258"},{"taxonomy":"product_cat","embeddable":true,"href":"https:\/\/www.digitaleyecenter.com\/es\/wp-json\/wp\/v2\/product_cat?post=3258"},{"taxonomy":"product_tag","embeddable":true,"href":"https:\/\/www.digitaleyecenter.com\/es\/wp-json\/wp\/v2\/product_tag?post=3258"}],"curies":[{"name":"wp","href":"https:\/\/api.w.org\/{rel}","templated":true}]}}