{"id":3261,"date":"2015-12-14T11:10:53","date_gmt":"2015-12-14T16:10:53","guid":{"rendered":"https:\/\/www.digitaleyecenter.com\/product\/microscope-adapter-c-mount-video-camera\/"},"modified":"2018-07-01T19:20:12","modified_gmt":"2018-07-01T23:20:12","slug":"adaptador-cmount-video-microscopio-quirurgico","status":"publish","type":"product","link":"https:\/\/www.digitaleyecenter.com\/es\/product\/adaptador-cmount-video-microscopio-quirurgico\/","title":{"rendered":"Adaptador Cmount de Video para Microscopio Quirurgico"},"content":{"rendered":"<p>Video de Cirugia de Ojo Segmento Anterior con Camara de Microscopio VZ y CCD:<\/p>\n<p><iframe src=\"\/\/www.youtube.com\/embed\/EZIwQ1YJew4?rel=0\" width=\"400\" height=\"225\" frameborder=\"0\" allowfullscreen=\"allowfullscreen\"><\/iframe><\/p>\n<p>Fits any of our <a href=\"https:\/\/www.digitaleyecenter.com\/product-category\/anterior-photography\/slit-lamp-beam-splitters-adapters\/\" target=\"_blank\" rel=\"noopener noreferrer\">Slit Lamp Digital Kits<\/a> or <a href=\"https:\/\/www.digitaleyecenter.com\/product-category\/anterior-photography\/surgical-microscopes-beam-splitter-cameras\/\" target=\"_blank\" rel=\"noopener noreferrer\">Microscope Kits<\/a><\/p>\n","protected":false},"excerpt":{"rendered":"<p>El adaptador de c\u00e1mara de video para Microscope Quirurgicos VZ se conecta a un puerto divisor de imagnes est\u00e1ndar y una c\u00e1mara HD con montura CCD. Este adaptador est\u00e1 dise\u00f1ado para cirug\u00eda ANTERIOR. Cont\u00e1ctenos para una mejor opci\u00f3n para la cirug\u00eda posterior.<\/p>\n<ul>\n<li>Dise\u00f1ado para c\u00e1maras CCD de 1\/3 &#8220;y C-mount<\/li>\n<li>Alta definici\u00f3n (1,920 x 1,080i)<\/li>\n<li>Control de enfoque fino<\/li>\n<li>Ajuste de Iris<\/li>\n<\/ul>\n","protected":false},"featured_media":1200,"template":"","meta":{"footnotes":""},"product_brand":[],"product_cat":[134],"product_tag":[],"class_list":{"0":"post-3261","1":"product","2":"type-product","3":"status-publish","4":"has-post-thumbnail","6":"product_cat-adaptores-video-lamparas-hendidura","8":"first","9":"instock","10":"taxable","11":"shipping-taxable","12":"purchasable","13":"product-type-simple"},"df_price":1397,"df_sale_price":"","df_regular_price":1397,"df_image_link":"https:\/\/www.digitaleyecenter.com\/wp-content\/uploads\/2015\/12\/DEC-DA-VZ1.jpg","_links":{"self":[{"href":"https:\/\/www.digitaleyecenter.com\/es\/wp-json\/wp\/v2\/product\/3261","targetHints":{"allow":["GET"]}}],"collection":[{"href":"https:\/\/www.digitaleyecenter.com\/es\/wp-json\/wp\/v2\/product"}],"about":[{"href":"https:\/\/www.digitaleyecenter.com\/es\/wp-json\/wp\/v2\/types\/product"}],"version-history":[{"count":0,"href":"https:\/\/www.digitaleyecenter.com\/es\/wp-json\/wp\/v2\/product\/3261\/revisions"}],"wp:featuredmedia":[{"embeddable":true,"href":"https:\/\/www.digitaleyecenter.com\/es\/wp-json\/wp\/v2\/media\/1200"}],"wp:attachment":[{"href":"https:\/\/www.digitaleyecenter.com\/es\/wp-json\/wp\/v2\/media?parent=3261"}],"wp:term":[{"taxonomy":"product_brand","embeddable":true,"href":"https:\/\/www.digitaleyecenter.com\/es\/wp-json\/wp\/v2\/product_brand?post=3261"},{"taxonomy":"product_cat","embeddable":true,"href":"https:\/\/www.digitaleyecenter.com\/es\/wp-json\/wp\/v2\/product_cat?post=3261"},{"taxonomy":"product_tag","embeddable":true,"href":"https:\/\/www.digitaleyecenter.com\/es\/wp-json\/wp\/v2\/product_tag?post=3261"}],"curies":[{"name":"wp","href":"https:\/\/api.w.org\/{rel}","templated":true}]}}