{"id":3304,"date":"2015-12-08T10:33:36","date_gmt":"2015-12-08T15:33:36","guid":{"rendered":"https:\/\/www.digitaleyecenter.com\/?post_type=product&#038;p=3304"},"modified":"2018-08-19T13:09:53","modified_gmt":"2018-08-19T17:09:53","slug":"set-de-divisor-de-imagenes-para-lampara-de-hendidura-haag-streit-bq900-bx900","status":"publish","type":"product","link":"https:\/\/www.digitaleyecenter.com\/es\/product\/set-de-divisor-de-imagenes-para-lampara-de-hendidura-haag-streit-bq900-bx900\/","title":{"rendered":"Set de Divisor de Imagenes para Lampara de Hendidura Haag Streit BQ900\/BX900"},"content":{"rendered":"<p>Compatible con las siguientes lamparas de hendidura:<\/p>\n<ul>\n<li><b>Haag Streit BQ900<\/b><\/li>\n<li><b>Haag Streit BX900<\/b><\/li>\n<\/ul>\n<p>Este adaptador de c\u00e1mara para l\u00e1mpara de hendidura se conecta a un adaptador digital para una c\u00e1mara Canon o Nikon SLR para construir un kit perfecto para tomar fotograf\u00edas con l\u00e1mpara de hendidura.<\/p>\n<h4>El Kit de Camara para Lampara de Hendidura incluye:<\/h4>\n<ul>\n<li>Divisor de Imagenes DEC<\/li>\n<li>Adaptador digital para Canon o Nikon<\/li>\n<li>C\u00e1mara digital Canon SLR T6 o Nikon SLR D5200\n<ul>\n<li>18 mpx y video HD<\/li>\n<li>Lentes EF-S de 18-55 mm incluidos<br \/>\nConexi\u00f3n HDMI para pantalla LiveView<\/li>\n<li>Conexi\u00f3n USB a la computadora para visualizaci\u00f3n en vivo<\/li>\n<\/ul>\n<\/li>\n<li>Memoria de 32 GB<\/li>\n<li>Adaptador de corriente para c\u00e1mara digital\n<ul>\n<li>No es necesario cargar la bater\u00eda diariamente.<\/li>\n<\/ul>\n<\/li>\n<li>Opcional:\n<ul>\n<li>Iluminaci\u00f3n de fondo<\/li>\n<li>Software de base de datos para fotograf\u00eda anterior con l\u00e1mpara de hendidura digital<\/li>\n<\/ul>\n<\/li>\n<\/ul>\n<ul>\n<li style=\"list-style-type: none;\"><\/li>\n<\/ul>\n","protected":false},"excerpt":{"rendered":"<p>El Set de Divisor de Imagenes para la lampara de Hendidura Haag Streit es un divisor de un solo puerto montado verticalmente para las l\u00e1mparas de hendidura Haag Streit BQ900 y BX900.<\/p>\n<p>Incluye:<\/p>\n<ul>\n<li>Divisor de Imagenes para l\u00e1mpara de hendidura (Elecci\u00f3n de 50\/50, 30\/70 o 70\/30 split (trans \/ reflect).)<\/li>\n<li>Adaptador digital para Canon SLR<\/li>\n<li>C\u00e1mara digital Canon SLR T6 18 mpx w \/ Software<\/li>\n<li>Lentes EF-S de 18-55 mm incluidos<\/li>\n<li>Memoria SD y adaptador de corriente<\/li>\n<li>Opcional: Adaptador horizontal de doble puerto para el asistente HS1<\/li>\n<\/ul>\n<p>&nbsp;<\/p>\n","protected":false},"featured_media":1172,"template":"","meta":{"footnotes":""},"product_brand":[],"product_cat":[138,136,133],"product_tag":[],"class_list":{"0":"post-3304","1":"product","2":"type-product","3":"status-publish","4":"has-post-thumbnail","6":"product_cat-divisores-de-imagenes-tipo-haag-streit","7":"product_cat-divisores-de-imagenes-y-adaptadores-para-laamparas-de-hendidura","8":"product_cat-fotografia-anterior","10":"first","11":"instock","12":"taxable","13":"shipping-taxable","14":"purchasable","15":"product-type-simple"},"df_price":3378,"df_sale_price":"","df_regular_price":3378,"df_image_link":"https:\/\/www.digitaleyecenter.com\/wp-content\/uploads\/2015\/12\/DEC-SL-HS-11.jpg","_links":{"self":[{"href":"https:\/\/www.digitaleyecenter.com\/es\/wp-json\/wp\/v2\/product\/3304","targetHints":{"allow":["GET"]}}],"collection":[{"href":"https:\/\/www.digitaleyecenter.com\/es\/wp-json\/wp\/v2\/product"}],"about":[{"href":"https:\/\/www.digitaleyecenter.com\/es\/wp-json\/wp\/v2\/types\/product"}],"version-history":[{"count":0,"href":"https:\/\/www.digitaleyecenter.com\/es\/wp-json\/wp\/v2\/product\/3304\/revisions"}],"wp:featuredmedia":[{"embeddable":true,"href":"https:\/\/www.digitaleyecenter.com\/es\/wp-json\/wp\/v2\/media\/1172"}],"wp:attachment":[{"href":"https:\/\/www.digitaleyecenter.com\/es\/wp-json\/wp\/v2\/media?parent=3304"}],"wp:term":[{"taxonomy":"product_brand","embeddable":true,"href":"https:\/\/www.digitaleyecenter.com\/es\/wp-json\/wp\/v2\/product_brand?post=3304"},{"taxonomy":"product_cat","embeddable":true,"href":"https:\/\/www.digitaleyecenter.com\/es\/wp-json\/wp\/v2\/product_cat?post=3304"},{"taxonomy":"product_tag","embeddable":true,"href":"https:\/\/www.digitaleyecenter.com\/es\/wp-json\/wp\/v2\/product_tag?post=3304"}],"curies":[{"name":"wp","href":"https:\/\/api.w.org\/{rel}","templated":true}]}}