{"id":3322,"date":"2015-11-23T17:16:11","date_gmt":"2015-11-23T22:16:11","guid":{"rendered":"https:\/\/www.digitaleyecenter.com\/?post_type=product&#038;p=3322"},"modified":"2018-08-22T11:51:40","modified_gmt":"2018-08-22T15:51:40","slug":"set-de-divisor-de-imagenes-para-topcon-zeiss-marco-doble-puerto","status":"publish","type":"product","link":"https:\/\/www.digitaleyecenter.com\/es\/product\/set-de-divisor-de-imagenes-para-topcon-zeiss-marco-doble-puerto\/","title":{"rendered":"Set de Divisor de Imagenes para Topcon\/Zeiss\/Marco &#8211; Doble Puerto"},"content":{"rendered":"<p>Compatible con las siguientes l\u00e1mparas de hendidura:<\/p>\n<ul>\n<li>CSO 990 (man. After 2011)<\/li>\n<li>Inami 0187<\/li>\n<li>Marco G2 Ultra, G4 Ultra<\/li>\n<li>Nidek SL-450<\/li>\n<li>Shin Nippon SL-45<\/li>\n<li>Topcon SL-2F, 2G, 7, 8, D2, D4,D7, D8Z<\/li>\n<li>Zeiss 20, 30SL, SL-100\/16, 100\/25,<\/li>\n<li>All Zeiss Microscopes<\/li>\n<\/ul>\n<p>Este adaptador de c\u00e1mara para l\u00e1mpara de hendidura y microscopio se conecta a un adaptador digital para una c\u00e1mara Canon o Nikon SLR para construir un kit perfecto para tomar fotograf\u00edas digitales.<\/p>\n<h2>El Set de Adaptador de C\u00e1mara para Lampara de Hendidura incluye:<\/h2>\n<ul>\n<li>Divisor de Imagenes DEC<\/li>\n<li>Adaptador digital para Canon, Nikon o Sony<\/li>\n<li>C\u00e1mara digital Canon SLR T6 o Nikon SLR D3300\n<ul>\n<li>18 mpx y video HD<\/li>\n<li>Lentes EF-S de 18-55 mm incluidos<\/li>\n<li>Conexi\u00f3n HDMI para pantalla LiveView<\/li>\n<li>Conexi\u00f3n USB a la computadora para visualizaci\u00f3n en vivo<\/li>\n<\/ul>\n<\/li>\n<li>Memoria de 32 GB<\/li>\n<li>Adaptador de corriente para c\u00e1mara digital\n<ul>\n<li>No es necesario cargar la bater\u00eda diariamente.<\/li>\n<\/ul>\n<\/li>\n<li>Opcional:\n<ul>\n<li>Iluminaci\u00f3n de fondo<\/li>\n<li>Software de base de datos para fotograf\u00eda anterior<\/li>\n<\/ul>\n<\/li>\n<\/ul>\n","protected":false},"excerpt":{"rendered":"<p>Este adaptador de divisor de imagenes tipo Zeiss DEC-Z4 tiene una montura vertical de dos puertos solo puerto para las l\u00e1mparas de hendidura y microscopios tipo Zeiss<\/p>\n<ul>\n<li>Divisor de luz para l\u00e1mpara de hendidura<\/li>\n<li>Adaptador digital para Canon SLR<\/li>\n<li>C\u00e1mara digital Canon SLR T6 18 mpx w \/ Software<\/li>\n<li>Lentes EF-S de 18-55 mm incluidos<\/li>\n<li>Memoria 32 Gb y adaptador de Poder<\/li>\n<\/ul>\n<p>&nbsp;<\/p>\n","protected":false},"featured_media":1127,"template":"","meta":{"footnotes":""},"product_brand":[],"product_cat":[142,144,139,140,141,136,133],"product_tag":[],"class_list":{"0":"post-3322","1":"product","2":"type-product","3":"status-publish","4":"has-post-thumbnail","6":"product_cat-divisores-de-imagenes-para-microscopios-quiru","7":"product_cat-divisores-de-imagenes-para-microscopios-zeiss","8":"product_cat-divisores-de-imagenes-tipo-marco","9":"product_cat-divisores-de-imagenes-tipo-topcon","10":"product_cat-divisores-de-imagenes-tipo-zeiss","11":"product_cat-divisores-de-imagenes-y-adaptadores-para-laamparas-de-hendidura","12":"product_cat-fotografia-anterior","14":"first","15":"instock","16":"taxable","17":"shipping-taxable","18":"purchasable","19":"product-type-simple"},"df_price":3439,"df_sale_price":"","df_regular_price":3439,"df_image_link":"https:\/\/www.digitaleyecenter.com\/wp-content\/uploads\/2015\/11\/DEC-BS-Z4-slitlamp.jpg","_links":{"self":[{"href":"https:\/\/www.digitaleyecenter.com\/es\/wp-json\/wp\/v2\/product\/3322","targetHints":{"allow":["GET"]}}],"collection":[{"href":"https:\/\/www.digitaleyecenter.com\/es\/wp-json\/wp\/v2\/product"}],"about":[{"href":"https:\/\/www.digitaleyecenter.com\/es\/wp-json\/wp\/v2\/types\/product"}],"version-history":[{"count":0,"href":"https:\/\/www.digitaleyecenter.com\/es\/wp-json\/wp\/v2\/product\/3322\/revisions"}],"wp:featuredmedia":[{"embeddable":true,"href":"https:\/\/www.digitaleyecenter.com\/es\/wp-json\/wp\/v2\/media\/1127"}],"wp:attachment":[{"href":"https:\/\/www.digitaleyecenter.com\/es\/wp-json\/wp\/v2\/media?parent=3322"}],"wp:term":[{"taxonomy":"product_brand","embeddable":true,"href":"https:\/\/www.digitaleyecenter.com\/es\/wp-json\/wp\/v2\/product_brand?post=3322"},{"taxonomy":"product_cat","embeddable":true,"href":"https:\/\/www.digitaleyecenter.com\/es\/wp-json\/wp\/v2\/product_cat?post=3322"},{"taxonomy":"product_tag","embeddable":true,"href":"https:\/\/www.digitaleyecenter.com\/es\/wp-json\/wp\/v2\/product_tag?post=3322"}],"curies":[{"name":"wp","href":"https:\/\/api.w.org\/{rel}","templated":true}]}}