{"id":3336,"date":"2016-04-26T11:15:33","date_gmt":"2016-04-26T15:15:33","guid":{"rendered":"https:\/\/www.digitaleyecenter.com\/?post_type=product&#038;p=3336"},"modified":"2022-11-09T14:14:29","modified_gmt":"2022-11-09T19:14:29","slug":"adaptador-universal-para-lamparas-de-hendidura-para-smartphones-y-tablets","status":"publish","type":"product","link":"https:\/\/www.digitaleyecenter.com\/es\/product\/adaptador-universal-para-lamparas-de-hendidura-para-smartphones-y-tablets\/","title":{"rendered":"Adaptador Universal para Lamparas de Hendidura para Smartphones y Tablets"},"content":{"rendered":"<p>El Adaptador Universal para L\u00e1mpara de Hendidura le permitir\u00e1 tomar fotograf\u00edas r\u00e1pidamente y con alta calidad utilizando cualquier Smartphone o tableta mini. Es el reemplazo perfecto para una c\u00e1mara de segmento anterior.<\/p>\n<p>La diferencia con los adaptadores fijos es que este adaptador tiene 2 posiciones ajustables. Uno ajustar\u00e1 el ancho y el otro la posici\u00f3n del ocular. De esta manera se ajustar\u00e1 a cualquier Smartphone inteligente y cualquier l\u00e1mpara de hendidura en el mercado.<\/p>\n<h2>Principales Ventajas del Adaptador Universal para L\u00e1mpara de Hendidura:<\/h2>\n<ol>\n<li>Fotos de buena calidad. Todos los smarphones le dar\u00e1n una calidad decente, desde 5 hasta m\u00e1s de 13 megap\u00edxeles<\/li>\n<li>Funciona con oculares de (26 mm a 46 mm).<\/li>\n<li>M\u00faltiples aplicaciones disponibles para fotograf\u00eda con l\u00e1mpara de hendidura, grabaci\u00f3n de informaci\u00f3n del paciente y transferencia de im\u00e1genes a su computadora.<\/li>\n<li>Case de soporte ajustable para Smartphones de 4 &#8220;a 5.5&#8221;. Ancho 55-98 mm<\/li>\n<li>Accesorio incluido para iPad Mini Tablet. Se ajustar\u00e1 a tabletas con un ancho de 4.5 &#8220;(114 mm) a 5.5&#8221; (140 mm)<\/li>\n<li>Configuracion Rapida. No es necesario que retire su smartphone de su estuche.<\/li>\n<li>Hecho con pl\u00e1stico de policarbonato ultra durable. 1 a\u00f1o de garant\u00eda total.<\/li>\n<\/ol>\n<h3>Este kit incluye;<\/h3>\n<ol>\n<li>Adaptador universal de l\u00e1mpara de hendidura<\/li>\n<li>Accesorio para tableta mini<\/li>\n<\/ol>\n","protected":false},"excerpt":{"rendered":"<p>Utilice cualquier Smartphone o tableta mini con cualquier l\u00e1mpara de hendidura para tomar fotograf\u00edas de alta calidad! Utilizando el ocular ajustable y el estuche de soporte<\/p>\n<p>&nbsp;<\/p>\n","protected":false},"featured_media":3675,"template":"","meta":{"footnotes":""},"product_brand":[],"product_cat":[135,133],"product_tag":[67,68,70,78,77],"class_list":{"0":"post-3336","1":"product","2":"type-product","3":"status-publish","4":"has-post-thumbnail","6":"product_cat-adaptadores-de-lampara-de-hendidura","7":"product_cat-fotografia-anterior","8":"product_tag-adaptador","9":"product_tag-anterior-es","10":"product_tag-lampara-de-hendidura","11":"product_tag-smartphone-es","12":"product_tag-universal-es","14":"first","15":"instock","16":"taxable","17":"shipping-taxable","18":"purchasable","19":"product-type-simple"},"df_price":358,"df_sale_price":"","df_regular_price":358,"df_image_link":"https:\/\/www.digitaleyecenter.com\/wp-content\/uploads\/2016\/04\/DEC-UNI-TAB-1-HQ-2-300x300.jpg","_links":{"self":[{"href":"https:\/\/www.digitaleyecenter.com\/es\/wp-json\/wp\/v2\/product\/3336","targetHints":{"allow":["GET"]}}],"collection":[{"href":"https:\/\/www.digitaleyecenter.com\/es\/wp-json\/wp\/v2\/product"}],"about":[{"href":"https:\/\/www.digitaleyecenter.com\/es\/wp-json\/wp\/v2\/types\/product"}],"version-history":[{"count":0,"href":"https:\/\/www.digitaleyecenter.com\/es\/wp-json\/wp\/v2\/product\/3336\/revisions"}],"wp:featuredmedia":[{"embeddable":true,"href":"https:\/\/www.digitaleyecenter.com\/es\/wp-json\/wp\/v2\/media\/3675"}],"wp:attachment":[{"href":"https:\/\/www.digitaleyecenter.com\/es\/wp-json\/wp\/v2\/media?parent=3336"}],"wp:term":[{"taxonomy":"product_brand","embeddable":true,"href":"https:\/\/www.digitaleyecenter.com\/es\/wp-json\/wp\/v2\/product_brand?post=3336"},{"taxonomy":"product_cat","embeddable":true,"href":"https:\/\/www.digitaleyecenter.com\/es\/wp-json\/wp\/v2\/product_cat?post=3336"},{"taxonomy":"product_tag","embeddable":true,"href":"https:\/\/www.digitaleyecenter.com\/es\/wp-json\/wp\/v2\/product_tag?post=3336"}],"curies":[{"name":"wp","href":"https:\/\/api.w.org\/{rel}","templated":true}]}}