{"id":3340,"date":"2017-08-03T12:49:55","date_gmt":"2017-08-03T16:49:55","guid":{"rendered":"https:\/\/www.digitaleyecenter.com\/?post_type=product&#038;p=3340"},"modified":"2018-09-04T11:25:10","modified_gmt":"2018-09-04T15:25:10","slug":"autorefractor-queratometro-hans-heiss-hrk-9000","status":"publish","type":"product","link":"https:\/\/www.digitaleyecenter.com\/es\/product\/autorefractor-queratometro-hans-heiss-hrk-9000\/","title":{"rendered":"Autorefractor Queratometro Hans Heiss HRK-9000"},"content":{"rendered":"<h2><iframe src=\"\/\/www.youtube.com\/embed\/-P0_kxmIkSw?rel=0\" width=\"400\" height=\"225\" frameborder=\"0\" allowfullscreen=\"allowfullscreen\" data-mce-fragment=\"1\"><\/iframe><\/h2>\n<h2>Autorefractor Queratometro Hans Heiss HRK-9000<\/h2>\n<h4 class=\"media-heading\">Medicion de Refractometria y Queratometria<\/h4>\n<p>El Hans Heiss HRK-9000 proporciona un rango de medici\u00f3n di\u00f3ptrico extenso (-25D a + 22D), y un radio de curvatura para queratometr\u00eda de 5.0 mm a 10.2 mm.<\/p>\n<p>La facil alineaci\u00f3n y operaci\u00f3n amigable le permiten medir la refracci\u00f3n y la queratometr\u00eda en secuencia, y los resultados se pueden validar de inmediato.<\/p>\n<h4 class=\"media-heading\">Queratometria Periferica<\/h4>\n<p>Las curvaturas corneales perif\u00e9ricas se pueden medir haciendo que el examinado mire las l\u00e1mparas de fijaci\u00f3n ocular perif\u00e9rica.<\/p>\n<p>La medici\u00f3n de la periferia corneal le ayudar\u00e1 a examinar el astigmatismo irregular, y tambi\u00e9n a determinar un mejor ajuste para una lente de contacto<\/p>\n<h4 class=\"media-heading\">Medicion Intuitiva de Diametro<\/h4>\n<p>Usando la funci\u00f3n de congelamiento, se puede realizar la medici\u00f3n del di\u00e1metro de la c\u00f3rnea, la pupila o las lentes de contacto duras usadas por el paciente.<\/p>\n<p>Simplemente tocando y arrastrando la pantalla con sus dedos, las mediciones son calculadas.<\/p>\n<h4 class=\"media-heading\">Datos Instantaneos en Pantalla<\/h4>\n<p>Simplemente tocando el \u00edcono en la pantalla, los resultados de hasta 10 mediciones almacenadas en la memoria pueden verse o imprimirse mediante la impresora t\u00e9rmica incorporada.<\/p>\n<h4 class=\"media-heading\">Cambio de configuraci\u00f3n interactiva<\/h4>\n<p>Simplemente toque el icono en la pantalla y se puede ver la configuraci\u00f3n modificada. La pantalla t\u00e1ctil admite cambios interactivos de configuraci\u00f3n de forma r\u00e1pida y conveniente, ahorrando tiempo al usuario.<\/p>\n<h4 class=\"media-heading\">Medicion de IOL<\/h4>\n<p>Cuando la refracci\u00f3n da como resultado una lectura de error debido a una lente intraocular o catarata, la medici\u00f3n se puede realizar con el icono de IOL conectado &#8216;ENCENDIDO&#8217; en el Hans Heiss HRK-9000<\/p>\n<h4 class=\"media-heading\">Mentonera Motorizada<\/h4>\n<p>La mentonera es motorizada con el uso de un interruptor convenientemente ubicado para el operador. Esto permite un ajuste simple de la mentonera de paciente a paciente.<\/p>\n<h4 class=\"media-heading\">Transferencia de Datos<\/h4>\n<p>Los datos se pueden transferir a dispositivos externos (computadora personal, etc.) a trav\u00e9s de una interfaz RS-232. Tambi\u00e9n se proporciona una interfaz USB para futura compatibilidad.<\/p>\n<h4 class=\"media-heading\">Impresora con funci\u00f3n de corte autom\u00e1tico<\/h4>\n<p>Simplemente toque el icono &#8220;IMPRIMIR&#8221; en la pantalla y el Hans Heiss HRK-9000 proporcionar\u00e1 inmediatamente una impresi\u00f3n completa de los resultados de la medici\u00f3n. Se proporciona un cortador autom\u00e1tico para mayor comodidad.<\/p>\n<p>&nbsp;<\/p>\n","protected":false},"excerpt":{"rendered":"<p>El Autorefractor Queratometro Hans Heiss HRK-9000 le permite medir la refracci\u00f3n y la queratometr\u00eda en secuencia, y los resultados se pueden validar de inmediato. Cont\u00e1ctenos para obtener nuestro precio del autorefractor queratometro . Incluye:<\/p>\n<ul>\n<li>Autorefractor Querat\u00f3metro HRK-9000 de Hans Heiss (Hecho en Corea)<\/li>\n<li>Cable de poder<\/li>\n<li>Manual de instrucciones<\/li>\n<\/ul>\n<ul>\n<li><\/li>\n<\/ul>\n","protected":false},"featured_media":2752,"template":"","meta":{"footnotes":""},"product_brand":[],"product_cat":[146,194],"product_tag":[],"class_list":{"0":"post-3340","1":"product","2":"type-product","3":"status-publish","4":"has-post-thumbnail","6":"product_cat-autorefractores-usados","7":"product_cat-equipos-oftalmicos","8":"product_shipping_class-envio-normal","10":"first","11":"instock","12":"taxable","13":"shipping-taxable","14":"purchasable","15":"product-type-simple"},"df_price":5100,"df_sale_price":"","df_regular_price":5100,"df_image_link":"https:\/\/www.digitaleyecenter.com\/wp-content\/uploads\/2017\/08\/AR-HAN-9000.jpg","_links":{"self":[{"href":"https:\/\/www.digitaleyecenter.com\/es\/wp-json\/wp\/v2\/product\/3340","targetHints":{"allow":["GET"]}}],"collection":[{"href":"https:\/\/www.digitaleyecenter.com\/es\/wp-json\/wp\/v2\/product"}],"about":[{"href":"https:\/\/www.digitaleyecenter.com\/es\/wp-json\/wp\/v2\/types\/product"}],"version-history":[{"count":0,"href":"https:\/\/www.digitaleyecenter.com\/es\/wp-json\/wp\/v2\/product\/3340\/revisions"}],"wp:featuredmedia":[{"embeddable":true,"href":"https:\/\/www.digitaleyecenter.com\/es\/wp-json\/wp\/v2\/media\/2752"}],"wp:attachment":[{"href":"https:\/\/www.digitaleyecenter.com\/es\/wp-json\/wp\/v2\/media?parent=3340"}],"wp:term":[{"taxonomy":"product_brand","embeddable":true,"href":"https:\/\/www.digitaleyecenter.com\/es\/wp-json\/wp\/v2\/product_brand?post=3340"},{"taxonomy":"product_cat","embeddable":true,"href":"https:\/\/www.digitaleyecenter.com\/es\/wp-json\/wp\/v2\/product_cat?post=3340"},{"taxonomy":"product_tag","embeddable":true,"href":"https:\/\/www.digitaleyecenter.com\/es\/wp-json\/wp\/v2\/product_tag?post=3340"}],"curies":[{"name":"wp","href":"https:\/\/api.w.org\/{rel}","templated":true}]}}