{"id":3381,"date":"2018-10-02T12:26:22","date_gmt":"2018-10-02T16:26:22","guid":{"rendered":"https:\/\/www.digitaleyecenter.com\/?post_type=product&#038;p=3381"},"modified":"2024-04-05T15:39:22","modified_gmt":"2024-04-05T19:39:22","slug":"lampara-portatil-digital-led16","status":"publish","type":"product","link":"https:\/\/www.digitaleyecenter.com\/es\/product\/lampara-portatil-digital-led16\/","title":{"rendered":"L\u00e1mpara de Hendidura Port\u00e1til Digital LED16"},"content":{"rendered":"<p>Compacta y f\u00e1cil de usar para obtener im\u00e1genes en alta definici\u00f3n. Se utiliza principalmente para ex\u00e1menes r\u00e1pidos de detecci\u00f3n, diagn\u00f3sticos de cabecera y ex\u00e1menes m\u00e9dicos remotos.<\/p>\n<h3>Caracter\u00edsticas Principales<\/h3>\n<ul>\n<li>Im\u00e1genes de alta definici\u00f3n &#8211; 16 megap\u00edxeles.<\/li>\n<li>Enfoque autom\u00e1tico<\/li>\n<li>Pantalla TFT LCD en color de 3.97 pulgadas &#8211; Tactil<\/li>\n<li>Im\u00e1genes en vivo en tiempo real con un aumento de 10x<\/li>\n<li>Memoria interna de 16 GB<\/li>\n<li>Conexi\u00f3n USB y WiFi<\/li>\n<li>Peso ligero 600g<\/li>\n<li>La bater\u00eda recargable de la l\u00e1mpara de hendidura port\u00e1til digital proporciona hasta m\u00e1s de 4 horas de funcionamiento continuo.<\/li>\n<li>Aprobados por FDA y CE<\/li>\n<\/ul>\n<h3>Specifications for Digital Portable Slit Lamp LED16<\/h3>\n<table>\n<tbody>\n<tr>\n<td>Aumento<\/td>\n<td>10X<\/td>\n<\/tr>\n<tr>\n<td>Distancia al Paciente<\/td>\n<td>80 mm<\/td>\n<\/tr>\n<tr>\n<td>Ancho de Hendidura<\/td>\n<td>0-10 adjuste continuo<\/td>\n<\/tr>\n<tr>\n<td>Diametro de Apertura<\/td>\n<td>1, 5, 10, 14 mm<\/td>\n<\/tr>\n<tr>\n<td>Filtros<\/td>\n<td>Heat-absorption, Grey, Red-free, Cobalt blue<\/td>\n<\/tr>\n<tr>\n<td>Fuente de Luz<\/td>\n<td>White LED<\/td>\n<\/tr>\n<tr>\n<td>Resolucion de Imagen<\/td>\n<td>16 mpx<\/td>\n<\/tr>\n<tr>\n<td>Modo Focal<\/td>\n<td>Auto<\/td>\n<\/tr>\n<tr>\n<td>Pantalla<\/td>\n<td>3.97 &#8221; Color Touch Screen<\/td>\n<\/tr>\n<tr>\n<td>Almacenamiento<\/td>\n<td>16 GB Memoria Interna<\/td>\n<\/tr>\n<tr>\n<td>Fuente de Poder<\/td>\n<td>3.7 V Bateria de Litio<\/td>\n<\/tr>\n<tr>\n<td>Interface<\/td>\n<td>USB\/Wifi\/BT, 4G<\/td>\n<\/tr>\n<tr>\n<td>Peso Neto<\/td>\n<td>600g<\/td>\n<\/tr>\n<\/tbody>\n<\/table>\n","protected":false},"excerpt":{"rendered":"<p>La l\u00e1mpara de hendidura port\u00e1til digital LED16 es perfecta para fotograf\u00eda de segmento anterior, detecci\u00f3n de enfermedades y diagn\u00f3stico.<\/p>\n<p>Incluye:<\/p>\n<ul>\n<li>L\u00e1mpara de hendidura digital de 16 mpx y WiFi &#8211; C\u00e1mara de segmento anterior<\/li>\n<li>Pantalla T\u00e1ctil de 4 &#8220;<\/li>\n<li>Memoria interna de 16 GB<\/li>\n<li>2 bater\u00edas de litio (4 horas cada una)<\/li>\n<li>Software y Manual<\/li>\n<li>18 meses de garant\u00eda<\/li>\n<\/ul>\n<p>PRE-ORDENE AHORA. Entrega primera semana de Noviembre 2018.<\/p>\n","protected":false},"featured_media":7946,"template":"","meta":{"footnotes":""},"product_brand":[],"product_cat":[150],"product_tag":[],"class_list":{"0":"post-3381","1":"product","2":"type-product","3":"status-publish","4":"has-post-thumbnail","6":"product_cat-lamparas-de-hendidura-portatiles","7":"product_shipping_class-envio-liviano-alto-precio","9":"first","10":"outofstock","11":"featured","12":"taxable","13":"shipping-taxable","14":"purchasable","15":"product-type-simple"},"df_price":3060,"df_sale_price":"","df_regular_price":3060,"df_image_link":"https:\/\/www.digitaleyecenter.com\/wp-content\/uploads\/2018\/10\/SL-HAN-LED-16-1-1-300x300.jpg","_links":{"self":[{"href":"https:\/\/www.digitaleyecenter.com\/es\/wp-json\/wp\/v2\/product\/3381","targetHints":{"allow":["GET"]}}],"collection":[{"href":"https:\/\/www.digitaleyecenter.com\/es\/wp-json\/wp\/v2\/product"}],"about":[{"href":"https:\/\/www.digitaleyecenter.com\/es\/wp-json\/wp\/v2\/types\/product"}],"version-history":[{"count":0,"href":"https:\/\/www.digitaleyecenter.com\/es\/wp-json\/wp\/v2\/product\/3381\/revisions"}],"wp:featuredmedia":[{"embeddable":true,"href":"https:\/\/www.digitaleyecenter.com\/es\/wp-json\/wp\/v2\/media\/7946"}],"wp:attachment":[{"href":"https:\/\/www.digitaleyecenter.com\/es\/wp-json\/wp\/v2\/media?parent=3381"}],"wp:term":[{"taxonomy":"product_brand","embeddable":true,"href":"https:\/\/www.digitaleyecenter.com\/es\/wp-json\/wp\/v2\/product_brand?post=3381"},{"taxonomy":"product_cat","embeddable":true,"href":"https:\/\/www.digitaleyecenter.com\/es\/wp-json\/wp\/v2\/product_cat?post=3381"},{"taxonomy":"product_tag","embeddable":true,"href":"https:\/\/www.digitaleyecenter.com\/es\/wp-json\/wp\/v2\/product_tag?post=3381"}],"curies":[{"name":"wp","href":"https:\/\/api.w.org\/{rel}","templated":true}]}}