{"id":3474,"date":"2018-10-16T16:29:45","date_gmt":"2018-10-16T20:29:45","guid":{"rendered":"https:\/\/www.digitaleyecenter.com\/?post_type=product&#038;p=3474"},"modified":"2022-11-10T14:49:33","modified_gmt":"2022-11-10T19:49:33","slug":"camara-portatil-fondo-ojo-16mpx-luna","status":"publish","type":"product","link":"https:\/\/www.digitaleyecenter.com\/es\/product\/camara-portatil-fondo-ojo-16mpx-luna\/","title":{"rendered":"C\u00e1mara Port\u00e1til para Fondo de Ojo 16 mpx- Microclear Luna"},"content":{"rendered":"<p><span data-mce-type=\"bookmark\" style=\"width: 0px;overflow: hidden;line-height: 0\" class=\"mce_SELRES_start\">\ufeff<\/span><span data-mce-type=\"bookmark\" style=\"width: 0px;overflow: hidden;line-height: 0\" class=\"mce_SELRES_start\">\ufeff<\/span><\/p>\n<p>Su peso ligero hace de este un equipo perfecto para el m\u00e9dico que necesita tomar ex\u00e1menes remotos, o no tiene una c\u00e1mara de fondo de escritorio.<\/p>\n<p>Cuenta con una bater\u00eda de 6 horas y 16 gb de memoria interna,\u00a0 donde puede guardar hasta 3,300 im\u00e1genes HD.<\/p>\n<p>La c\u00e1mara de fondo port\u00e1til Microclear Luna es perfecta para im\u00e1genes de fondo, diagn\u00f3stico y detecci\u00f3n de enfermedades.<\/p>\n<p>Esta es una c\u00e1mara retinal de mano para im\u00e1genes de fondo, diagn\u00f3stico y especialmente para la detecci\u00f3n de enfermedades del fondo de ojo, e imagenes de fondo de alta definici\u00f3n facilmente obtenibles. Aplicado a la detecci\u00f3n r\u00e1pida, el diagn\u00f3stico de salida, el diagn\u00f3stico de cabecera y el tratamiento m\u00e9dico remoto.<\/p>\n<h2>Caracter\u00edsticas de la c\u00e1mara port\u00e1til de fondo de ojo<\/h2>\n<ul>\n<li>No Mydriatica y tama\u00f1o minimo de pupila 2.5 mm<\/li>\n<li>Flash LED de baja intensidad y pantalla t\u00e1ctil 480&#215;800 HD<\/li>\n<li>Autoenfoque y 8 puntos de fijaci\u00f3n<\/li>\n<li>Resoluci\u00f3n 16 mpx. Imagenes JPG<\/li>\n<li>Sistema Operativo Android para facilidad de uso y archivo de imagenes.<\/li>\n<li>Transferencia Inalambrica<\/li>\n<li>Interface DICOM<\/li>\n<li>Peso 560 g<\/li>\n<li>Impresion Inalambrica<\/li>\n<\/ul>\n<h2>Aplicaciones fuera de Oftalmolog\u00eda<\/h2>\n<ul>\n<li>Fotograf\u00eda Retinal como un campo m\u00e1s amplio de pr\u00e1ctica m\u00e1s all\u00e1 de la Oftalmolog\u00eda. Aqu\u00ed hay una breve lista de otros campos:\n<ul>\n<li>Medicina Interna\n<ul>\n<li>Anormalidades microvasculares retinianas y enfermedad cardiovascular<\/li>\n<\/ul>\n<\/li>\n<li>Neurolog\u00eda\n<ul>\n<li>Deterioro cognitivo<\/li>\n<li>Paro<\/li>\n<\/ul>\n<\/li>\n<li>Departamento de Emergencia<\/li>\n<li>Telemedicina<\/li>\n<\/ul>\n<\/li>\n<\/ul>\n<h3>Especificaciones de la C\u00e1mara Portatil de Fondo de Ojo<\/h3>\n<table style=\"height: 400px\" border=\"1\" width=\"437\">\n<tbody>\n<tr style=\"height: 37px\">\n<td style=\"height: 37px;width: 191px\">Campo Visual<\/td>\n<td style=\"height: 37px;width: 230px\">45 grados<\/td>\n<\/tr>\n<tr style=\"height: 36px\">\n<td style=\"height: 36px;width: 191px\">Minimo Tama\u00f1o de Pupila<\/td>\n<td style=\"height: 36px;width: 230px\">2.5 mm<\/td>\n<\/tr>\n<tr style=\"height: 36px\">\n<td style=\"height: 36px;width: 191px\">Compensaci\u00f3n Refractiva<\/td>\n<td style=\"height: 36px;width: 230px\">-20D~+20D<\/td>\n<\/tr>\n<tr style=\"height: 36px\">\n<td style=\"height: 36px;width: 191px\">Iluminaci\u00f3n<\/td>\n<td style=\"height: 36px;width: 230px\">LED Blanco\/IR<\/td>\n<\/tr>\n<tr>\n<td style=\"width: 191px\">Modo de Enfoque<\/td>\n<td style=\"width: 230px\">Auto \/ Manual<\/td>\n<\/tr>\n<tr style=\"height: 36px\">\n<td style=\"height: 36px;width: 191px\">Resoluci\u00f3n<\/td>\n<td style=\"height: 36px;width: 230px\">16 mpx<\/td>\n<\/tr>\n<tr style=\"height: 36px\">\n<td style=\"height: 36px;width: 191px\">Focus Mode<\/td>\n<td style=\"height: 36px;width: 230px\">8 puntos de fijaci\u00f3n<\/td>\n<\/tr>\n<tr style=\"height: 36px\">\n<td style=\"height: 36px;width: 191px\">Pantalla<\/td>\n<td style=\"height: 36px;width: 230px\">T\u00e1ctil 3.97&#8243;\u00a0 800 x 480 px<\/td>\n<\/tr>\n<tr style=\"height: 36px\">\n<td style=\"height: 36px;width: 191px\">Almacenamiento<\/td>\n<td style=\"height: 36px;width: 230px\">Interno 16 GB<\/td>\n<\/tr>\n<tr style=\"height: 37px\">\n<td style=\"height: 37px;width: 191px\">Interface<\/td>\n<td style=\"height: 37px;width: 230px\">USB\/WiFi\/BT\/4G<\/td>\n<\/tr>\n<tr style=\"height: 37px\">\n<td style=\"height: 37px;width: 191px\">Tama\u00f1o<\/td>\n<td style=\"height: 37px;width: 230px\">160 (W) x 90(D) x 190(H) mm<\/td>\n<\/tr>\n<tr style=\"height: 37px\">\n<td style=\"height: 37px;width: 191px\">Peso<\/td>\n<td style=\"height: 37px;width: 230px\">560 g<\/td>\n<\/tr>\n<tr>\n<td style=\"width: 191px\">Fuente de Poder<\/td>\n<td style=\"width: 230px\">Lithium Battery 3.7V 3400 mAh<\/td>\n<\/tr>\n<tr>\n<td style=\"width: 191px\">Tiempo de Funcionamiento<\/td>\n<td style=\"width: 230px\">6 h (Standby 24h)<\/td>\n<\/tr>\n<tr>\n<td style=\"width: 191px\">Tiempo de Cargado<\/td>\n<td style=\"width: 230px\">3.5-4h<\/td>\n<\/tr>\n<tr>\n<td style=\"width: 191px\">Sistema Operativo<\/td>\n<td style=\"width: 230px\">PC: Windows APP: Android<\/td>\n<\/tr>\n<\/tbody>\n<\/table>\n<p>&nbsp;<\/p>\n","protected":false},"excerpt":{"rendered":"<p>La c\u00e1mara portatil de Fondo de ojo Microclear LUNA le permitir\u00e1 tomar fotos de alta resoluci\u00f3n (16 mpx) \u00a0facilmente y transmitirlas a su PC via USB o Wireless.<\/p>\n<p>Incluye:<\/p>\n<ul>\n<li>C\u00e1mara de fondo port\u00e1til Microclear LUNA (16 mpx) con WIFI<\/li>\n<li>Memoria Interna de 16 GB<\/li>\n<li>Base \/ Cargador<\/li>\n<li>Software y Manuales. Cable USB<\/li>\n<li>2 bater\u00edas de litio<\/li>\n<\/ul>\n<p>DISPONIBLE NOVIEMBRE 2018 &#8211; PRE-ORDENE AHORA<\/p>\n<p>&nbsp;<\/p>\n","protected":false},"featured_media":4385,"template":"","meta":{"footnotes":""},"product_brand":[],"product_cat":[132],"product_tag":[],"class_list":{"0":"post-3474","1":"product","2":"type-product","3":"status-publish","4":"has-post-thumbnail","6":"product_cat-fotografia-fondo-ojo","7":"product_shipping_class-envio-normal","9":"first","10":"instock","11":"featured","12":"taxable","13":"shipping-taxable","14":"purchasable","15":"product-type-simple"},"df_price":5277,"df_sale_price":"","df_regular_price":5277,"df_image_link":"https:\/\/www.digitaleyecenter.com\/wp-content\/uploads\/2018\/10\/RT-MIC-LUN-30-300x300.jpg","_links":{"self":[{"href":"https:\/\/www.digitaleyecenter.com\/es\/wp-json\/wp\/v2\/product\/3474","targetHints":{"allow":["GET"]}}],"collection":[{"href":"https:\/\/www.digitaleyecenter.com\/es\/wp-json\/wp\/v2\/product"}],"about":[{"href":"https:\/\/www.digitaleyecenter.com\/es\/wp-json\/wp\/v2\/types\/product"}],"version-history":[{"count":0,"href":"https:\/\/www.digitaleyecenter.com\/es\/wp-json\/wp\/v2\/product\/3474\/revisions"}],"wp:featuredmedia":[{"embeddable":true,"href":"https:\/\/www.digitaleyecenter.com\/es\/wp-json\/wp\/v2\/media\/4385"}],"wp:attachment":[{"href":"https:\/\/www.digitaleyecenter.com\/es\/wp-json\/wp\/v2\/media?parent=3474"}],"wp:term":[{"taxonomy":"product_brand","embeddable":true,"href":"https:\/\/www.digitaleyecenter.com\/es\/wp-json\/wp\/v2\/product_brand?post=3474"},{"taxonomy":"product_cat","embeddable":true,"href":"https:\/\/www.digitaleyecenter.com\/es\/wp-json\/wp\/v2\/product_cat?post=3474"},{"taxonomy":"product_tag","embeddable":true,"href":"https:\/\/www.digitaleyecenter.com\/es\/wp-json\/wp\/v2\/product_tag?post=3474"}],"curies":[{"name":"wp","href":"https:\/\/api.w.org\/{rel}","templated":true}]}}