{"id":669,"date":"2015-08-17T18:13:33","date_gmt":"2015-08-17T22:13:33","guid":{"rendered":"http:\/\/www.digitaleyecenter.com\/product\/used-topcon-kr-8000-autorefractor-keratometer-2\/"},"modified":"2020-06-02T13:24:57","modified_gmt":"2020-06-02T17:24:57","slug":"autorefractor-topcon-kr-8000-usado","status":"publish","type":"product","link":"https:\/\/www.digitaleyecenter.com\/es\/product\/autorefractor-topcon-kr-8000-usado\/","title":{"rendered":"Autorefractor Querat\u00f3metro Topcon KR 8000 Usado"},"content":{"rendered":"<h3>Qu\u00e9 Incluye:<\/h3>\n<ul>\n<li>Autorefractor Querat\u00f3metro Topcon KR 8000 Usado<\/li>\n<li>Cable de Poder<\/li>\n<li>Manual de Instrucciones<\/li>\n<\/ul>\n<h3>Especificaciones del Autorefractor Querat\u00f3metro Topcon KR 8000<\/h3>\n<p>El dise\u00f1o innovador de este Topcon KR 8000 permite refracciones precisas y confiables , asi como mediciones quertom\u00e9tricas con una pupila dilatada hasta de 2 mm. Esto se traduce en que los resultados de los diagn\u00f3sticos son mas precisos y f\u00e1ciles cuando se trata de glaucoma, pupilas asim\u00e9tricas o pacientes de edad avanzada.<\/p>\n<p>Precision y seguridad con el Sistema de Medici\u00f3n con el Prisma de Rotaci\u00f3n de Topcon. El principal objetivo de este sistema es obtener datos de alta confiabilidad. El objectivo es un circulo fuera de centro que permite medir \u00e1reas que anteriormente eran tapadas por una pupila muy peque\u00f1a. El \u00e1ngulo del prisma permite pedir una \u00e1rea mas amplia del fondo del ojo. Por consecuencia, la imagen medida provee informaci\u00f3n altamente confiable.<\/p>\n<ul>\n<li>Refractometria Modo Esfera\u00a0-25 to +22D in 0.25D step (0.12D paso disponible)<\/li>\n<li>Cilindro 0 a \u00b18D en pasos de 0.25D (pasos de 0.12D disponibles)<\/li>\n<li>Eje 1\u00b0 to 180\u00b0 en pasos de 1\u00b0 y 5\u00b0<\/li>\n<li>Diametro m\u00ednimo de pupila \u00a02.0mm \u00f8<\/li>\n<li>M\u00e9todo de relajaci\u00f3n. Cartillas autom\u00e1ticas para ex\u00e1menes de objectos.<\/li>\n<li>Im\u00e1gen Corneal. Curvatura Corneal radio 5.00 mm hasta 10.00 mm<\/li>\n<li>Indice de refracci\u00f3n\u00a01.3375<\/li>\n<li>Refracci\u00f3n Corneal 67.5D hasta 33.75D<\/li>\n<li>Astigmatismo Corneal \u00a00D hasta \u00b110D<\/li>\n<li>Astigmatismo Corneal angulo axial\u00a0\u00a01\u00b0 hasta 180\u00b0<\/li>\n<li>Area Medici\u00f3n 3mm con un radio de 7.7mm<\/li>\n<li>Paso de Medici\u00f3n de Curvatura Corneal Radio \u00a00.01 mm<\/li>\n<li>Refracci\u00f3n Corneal 0.12 \/ 0.25D<\/li>\n<li>Astigmatismo Corneal 0.12 \/ 0.25D<\/li>\n<li>Angulo del Eje Corneal \u00a01\u00b0 \/ 5\u00b0<\/li>\n<li>El autorefractor topcon KR 8000 tiene un rango de medida de PD de 85 mm max, en pasos de 1 mm.<\/li>\n<li>Informacion de medidas en monitor de TV.<\/li>\n<li>Recolecci\u00f3n de medidas en impresora integrada (hasta 10 medidas en cada ojo se pueden grabar en memoria)<\/li>\n<li>Alineamiento de pantalla. Distancia al Eje: 0, 12m y 13.75mm (seleccionable)<\/li>\n<li>Se apaga automaticamente a los 10 minutos de no ser usado, para ahorro de energ\u00eda.<\/li>\n<li>Modo especial de IOL para ajuste a las circunstancias del paciente.<\/li>\n<li>Fuente de Poder 100, 120, 220, 240V , Salida RS-232C , Peso 19kg.<\/li>\n<li>Dimensiones 275(W) X 475(D) X 450(H) mm. para el autorefractor querat\u00f3metro Topcon KR 8000 usado.<\/li>\n<\/ul>\n<h3>Informaci\u00f3n Adicional<\/h3>\n<p><a href=\"http:\/\/www.eyecarealliance.com\/wp-content\/uploads\/2018\/04\/Topcon-KR-8000PA-Brochure.pdf\" target=\"_blank\" rel=\"noopener noreferrer\">Topcon KR 8000PA Supra Brochure<\/a><\/p>\n","protected":false},"excerpt":{"rendered":"<p>Este autorefractor querat\u00f3metro Topcon KR 8000 ha sido revisado, calibrado y certificado por un t\u00e9cnico autorizado de Topcon. Se encuentra en perfecto estado f\u00edsico y funcional. Damos 90 dias de garant\u00eda completa en este equipo.<\/p>\n<p>Enviamos Internacionalmente. Cont\u00e1ctenos para m\u00e1s detalles.<\/p>\n","protected":false},"featured_media":559,"template":"","meta":[],"product_brand":[],"product_cat":[145],"product_tag":[],"class_list":{"0":"post-669","1":"product","2":"type-product","3":"status-publish","4":"has-post-thumbnail","6":"product_cat-equipo-oftalmico","7":"product_shipping_class-envio-normal","9":"first","10":"instock","11":"taxable","12":"shipping-taxable","13":"purchasable","14":"product-type-simple"},"df_price":3100,"df_sale_price":"","df_regular_price":3100,"df_image_link":"https:\/\/www.digitaleyecenter.com\/wp-content\/uploads\/2015\/08\/IMG_0147.jpg","_links":{"self":[{"href":"https:\/\/www.digitaleyecenter.com\/es\/wp-json\/wp\/v2\/product\/669","targetHints":{"allow":["GET"]}}],"collection":[{"href":"https:\/\/www.digitaleyecenter.com\/es\/wp-json\/wp\/v2\/product"}],"about":[{"href":"https:\/\/www.digitaleyecenter.com\/es\/wp-json\/wp\/v2\/types\/product"}],"wp:featuredmedia":[{"embeddable":true,"href":"https:\/\/www.digitaleyecenter.com\/es\/wp-json\/wp\/v2\/media\/559"}],"wp:attachment":[{"href":"https:\/\/www.digitaleyecenter.com\/es\/wp-json\/wp\/v2\/media?parent=669"}],"wp:term":[{"taxonomy":"product_brand","embeddable":true,"href":"https:\/\/www.digitaleyecenter.com\/es\/wp-json\/wp\/v2\/product_brand?post=669"},{"taxonomy":"product_cat","embeddable":true,"href":"https:\/\/www.digitaleyecenter.com\/es\/wp-json\/wp\/v2\/product_cat?post=669"},{"taxonomy":"product_tag","embeddable":true,"href":"https:\/\/www.digitaleyecenter.com\/es\/wp-json\/wp\/v2\/product_tag?post=669"}],"curies":[{"name":"wp","href":"https:\/\/api.w.org\/{rel}","templated":true}]}}