{"id":671,"date":"2015-08-19T10:29:08","date_gmt":"2015-08-19T14:29:08","guid":{"rendered":"http:\/\/www.digitaleyecenter.com\/product\/used-reichert-xcel-200-slit-lamp-2\/"},"modified":"2018-07-19T13:23:24","modified_gmt":"2018-07-19T17:23:24","slug":"lampara-hendidura-reichert-xcel-200-usada","status":"publish","type":"product","link":"https:\/\/www.digitaleyecenter.com\/es\/product\/lampara-hendidura-reichert-xcel-200-usada\/","title":{"rendered":"L\u00e1mpara de Hendidura Reichert Xcel 200 Usada"},"content":{"rendered":"<h3>Qu\u00e9 Incluye:<\/h3>\n<ul>\n<li>L\u00e1mpara de Hendidura Reichert Xcel 200 Usada\n<ul>\n<li>Base y Montura para brazo incluida. Si necesita la montura para mesa el\u00e9ctrica d\u00e9jenos saber.<\/li>\n<\/ul>\n<\/li>\n<li>Cable de Poder<\/li>\n<li>Manual de Instrucciones<\/li>\n<\/ul>\n<h3>Especificaciones la L\u00e1mpara de Hendidura Reichert XCel 200 Usada<\/h3>\n<ul>\n<li>Microscopio\n<ul>\n<li>Tipo: Galileo<\/li>\n<li>Magnificaci\u00f3n:10X, 16X, 25X \u2013 3 \/5 Pasosn<\/li>\n<li>Radio: 10X, 16X, 25X \u2013 Oculares: 12.5X<\/li>\n<\/ul>\n<\/li>\n<li>Dise\u00f1o Compacto<\/li>\n<li>Wide-Field optics \u2013 Slit Width\/Length: 0-13.5mm 0-12mm \u2013 Slit Apertures: 0.6, 5.8, 9, 13.5 mm 0.3, 1, 3, 5, 9 12 mm \u2013 Slit Rotation: 0 -180\u00b0<\/li>\n<li>Halogen lamp: 6V 20W \u2013 Voltage: 90-250 \u2013 Illumination: 6V 20W<\/li>\n<li>Feather-touch XYZ joystick<\/li>\n<li>PD Range 54\u201375 mm 48.5\u201380 mm<\/li>\n<li>Dioptric Adjustment \u00b15 \u00b16<\/li>\n<li>Filters: Red free, cobalt blue, Red free, cobalt blue, heat absorbing, neutral density<\/li>\n<li>Movement Ranges: Longitudinal: (in\/out) 90 mm 90 mm \u2013 Lateral: (left\/right) 107 mm 100 mm \u2013 Vertical: (up\/down) 30 mm 30 mm<\/li>\n<li>Chin Rest Range 80 mm 80 mm<\/li>\n<li>VAC 110\/220 VAC.More Resources<\/li>\n<\/ul>\n<h3><span style=\"font-size: 16px; line-height: 1.5;\">Informaci\u00f3n Adicional<\/span><\/h3>\n<p><a href=\"http:\/\/doclibrary.com\/MSC167\/PRM\/FAQs-Slit-Lamps_3055.pdf\" target=\"_blank\" rel=\"noopener\">Reichert Xcel 200 Slit Lamp FAQ<\/a><\/p>\n","protected":false},"excerpt":{"rendered":"<p>Esta l\u00e1mpara Reichert Xcel 200 ha sido revisada y certificada por un t\u00e9cnico autorizado. Perfectas condiciones cosm\u00e9ticas y de funcionamiento con 90 d\u00edas de garant\u00eda.<\/p>\n<p>Opcional: Tonometro, y montura para mesa electrica.<\/p>\n","protected":false},"featured_media":2553,"template":"","meta":{"footnotes":""},"product_brand":[],"product_cat":[194,151],"product_tag":[],"class_list":{"0":"post-671","1":"product","2":"type-product","3":"status-publish","4":"has-post-thumbnail","6":"product_cat-equipos-oftalmicos","7":"product_cat-lamparas-de-hendidura-usadas","8":"product_shipping_class-envio-normal","10":"first","11":"outofstock","12":"taxable","13":"shipping-taxable","14":"purchasable","15":"product-type-simple"},"df_price":1600,"df_sale_price":"","df_regular_price":1600,"df_image_link":"https:\/\/www.digitaleyecenter.com\/wp-content\/uploads\/2015\/08\/IMG_0288_low.jpg","_links":{"self":[{"href":"https:\/\/www.digitaleyecenter.com\/es\/wp-json\/wp\/v2\/product\/671","targetHints":{"allow":["GET"]}}],"collection":[{"href":"https:\/\/www.digitaleyecenter.com\/es\/wp-json\/wp\/v2\/product"}],"about":[{"href":"https:\/\/www.digitaleyecenter.com\/es\/wp-json\/wp\/v2\/types\/product"}],"version-history":[{"count":0,"href":"https:\/\/www.digitaleyecenter.com\/es\/wp-json\/wp\/v2\/product\/671\/revisions"}],"wp:featuredmedia":[{"embeddable":true,"href":"https:\/\/www.digitaleyecenter.com\/es\/wp-json\/wp\/v2\/media\/2553"}],"wp:attachment":[{"href":"https:\/\/www.digitaleyecenter.com\/es\/wp-json\/wp\/v2\/media?parent=671"}],"wp:term":[{"taxonomy":"product_brand","embeddable":true,"href":"https:\/\/www.digitaleyecenter.com\/es\/wp-json\/wp\/v2\/product_brand?post=671"},{"taxonomy":"product_cat","embeddable":true,"href":"https:\/\/www.digitaleyecenter.com\/es\/wp-json\/wp\/v2\/product_cat?post=671"},{"taxonomy":"product_tag","embeddable":true,"href":"https:\/\/www.digitaleyecenter.com\/es\/wp-json\/wp\/v2\/product_tag?post=671"}],"curies":[{"name":"wp","href":"https:\/\/api.w.org\/{rel}","templated":true}]}}