{"id":680,"date":"2015-08-18T15:05:49","date_gmt":"2015-08-18T19:05:49","guid":{"rendered":"http:\/\/www.digitaleyecenter.com\/product\/used-topcon-ct-80-tonometer-2\/"},"modified":"2026-04-18T13:55:26","modified_gmt":"2026-04-18T17:55:26","slug":"tonometro-topcon-ct-80-usado","status":"publish","type":"product","link":"https:\/\/www.digitaleyecenter.com\/es\/product\/tonometro-topcon-ct-80-usado\/","title":{"rendered":"Ton\u00f3metro Topcon CT 80 Usado"},"content":{"rendered":"<h3>Qu\u00e9 Incluye:<\/h3>\n<ul>\n<li>Ton\u00f3metro Topcon CT 80 Usado<\/li>\n<li>Cable de Poder<\/li>\n<li>Manual de Instrucciones<\/li>\n<\/ul>\n<h3>Especificaciones Ton\u00f3metro Topcon CT 80 Usado<\/h3>\n<p>El ton\u00f3metro autom\u00e1tico Topcon CT 80 hacer el tomar la presi\u00f3n intraocular mas f\u00e1cil y c\u00f3modo que nunca antes. Presenta un tiempo de medici\u00f3n 30% mas r\u00e1pido, una funci\u00f3n de seguridad triple para el paciente y un sensor de medici\u00f3n doble.<\/p>\n<ul>\n<li>Sistema de Sensor Doble\n<ul>\n<li>El Topcon CT 80 toma la medida usando dos sensores; uno para la luz y otro para la presi\u00f3n. Cuando el soplo de aire aplana la cornea, un sensor de luz detecta el momento exacto de la aplanaci\u00f3n, mientras simult\u00e1neamente otro sensor monitorea la c\u00e1mara interna para obtener la presi\u00f3n intraocular.<\/li>\n<\/ul>\n<\/li>\n<li>Funci\u00f3n de Seguridad Triple para el paciente.\n<ul>\n<li>El CT 80 presenta una funci\u00f3n triple de seguridad innovadora. Primero, un freno de seguridad ajustable puede ser activado por el operador. Segundo, un mensaje de &#8220;muy cerca&#8221; en el monitor gu\u00eda al usuario en el alineamiento. Tercero, un aviso audible informa al operador si la cornea y el instrumento est\u00e1n muy cerca.<\/li>\n<\/ul>\n<\/li>\n<li>Medici\u00f3n 30% m\u00e1s r\u00e1pida.\n<ul>\n<li>El Topcon CT 80 provee una operaci\u00f3n mas f\u00e1cil y r\u00e1pida con la ayuda de una nueva barra de alineamiento y un cilindro de aire mejorado. El intervalo entre medidas ha sido reducido por m\u00e1s del 30%, as\u00ed los pacientes pueden ser examinados m\u00e1s c\u00f3modamente en un per\u00edodo mas corto de tiempo. Una vez que el alineamiento ha sido completado, los datos son mostrados en la pantalla.<\/li>\n<\/ul>\n<\/li>\n<li>Impresora Integrada\n<ul>\n<li>El CT 80 presenta una impresora integrada que provee una copia f\u00edsica el de todos los datos de IOP con solo presionar un bot\u00f3n. Hasta 3 medidas individuales m\u00e1s el valor promedio pueden ser impresos por cada ojo, ya sea en modo manual o autom\u00e1tico.<\/li>\n<\/ul>\n<\/li>\n<li>Funci\u00f3n de auto-revisi\u00f3n Integrada\n<ul>\n<li>El CT 80 le deja saber al operador cuando el equipo necesita mantenimiento. Muestra un mensaje en el monitor cuando los lentes est\u00e1n sucios, y tambi\u00e9n a cual lente se refiere.<\/li>\n<\/ul>\n<\/li>\n<li>Fijaci\u00f3n Interna\n<ul>\n<li>Una luz infrarroja provee la iluminaci\u00f3n principal para el Topcon CT 80. Eliminando la necesidad de una luz brillante que incomoda al paciente.<\/li>\n<\/ul>\n<\/li>\n<li>Medida Autom\u00e1tica con Control Manual Opcional.\n<ul>\n<li>El ton\u00f3metro Topcon CT 80 puede ser operado en modo manual completamente en vez del autom\u00e1tico. El proceso de alineamiento es similar al usado en el modo autom\u00e1tico, sin embargo, las medidas no son capturadas autom\u00e1ticamente. En vez de esto, el sistema debe ser activado manualmente presionando el bot\u00f3n de la palanca de mando. La marca de alineamiento mostrada en el monitor cambia de un caja rota a una caja s\u00f3lida cuando est\u00e1 alineado.<\/li>\n<\/ul>\n<\/li>\n<\/ul>\n<h3><span style=\"line-height: 1.5;\">M\u00e1s Informaci\u00f3n<\/span><\/h3>\n<p>Topcon CT 80 Tonometer Brochure<\/p>\n<p>&nbsp;<\/p>\n<p>&nbsp;<\/p>\n<p>&nbsp;<\/p>\n","protected":false},"excerpt":{"rendered":"<p>El ton\u00f3metro Topcon CT 80 ha sido revisado y certificado por un t\u00e9cnico autorizado de Topcon. Se encuentra en perfectas condiciones cosm\u00e9ticas y de funcionamiento, con 90 d\u00edas de garant\u00eda.<\/p>\n","protected":false},"featured_media":600,"template":"","meta":{"footnotes":""},"product_brand":[],"product_cat":[145],"product_tag":[],"class_list":{"0":"post-680","1":"product","2":"type-product","3":"status-publish","4":"has-post-thumbnail","6":"product_cat-equipo-oftalmico","7":"product_shipping_class-envio-normal","9":"first","10":"instock","11":"taxable","12":"shipping-taxable","13":"purchasable","14":"product-type-simple"},"df_price":2000,"df_sale_price":"","df_regular_price":2000,"df_image_link":"https:\/\/www.digitaleyecenter.com\/wp-content\/uploads\/2015\/08\/IMG_0153.jpg","_links":{"self":[{"href":"https:\/\/www.digitaleyecenter.com\/es\/wp-json\/wp\/v2\/product\/680","targetHints":{"allow":["GET"]}}],"collection":[{"href":"https:\/\/www.digitaleyecenter.com\/es\/wp-json\/wp\/v2\/product"}],"about":[{"href":"https:\/\/www.digitaleyecenter.com\/es\/wp-json\/wp\/v2\/types\/product"}],"version-history":[{"count":1,"href":"https:\/\/www.digitaleyecenter.com\/es\/wp-json\/wp\/v2\/product\/680\/revisions"}],"predecessor-version":[{"id":10619,"href":"https:\/\/www.digitaleyecenter.com\/es\/wp-json\/wp\/v2\/product\/680\/revisions\/10619"}],"wp:featuredmedia":[{"embeddable":true,"href":"https:\/\/www.digitaleyecenter.com\/es\/wp-json\/wp\/v2\/media\/600"}],"wp:attachment":[{"href":"https:\/\/www.digitaleyecenter.com\/es\/wp-json\/wp\/v2\/media?parent=680"}],"wp:term":[{"taxonomy":"product_brand","embeddable":true,"href":"https:\/\/www.digitaleyecenter.com\/es\/wp-json\/wp\/v2\/product_brand?post=680"},{"taxonomy":"product_cat","embeddable":true,"href":"https:\/\/www.digitaleyecenter.com\/es\/wp-json\/wp\/v2\/product_cat?post=680"},{"taxonomy":"product_tag","embeddable":true,"href":"https:\/\/www.digitaleyecenter.com\/es\/wp-json\/wp\/v2\/product_tag?post=680"}],"curies":[{"name":"wp","href":"https:\/\/api.w.org\/{rel}","templated":true}]}}