{"id":723,"date":"2015-07-01T07:44:46","date_gmt":"2015-07-01T11:44:46","guid":{"rendered":"https:\/\/www.digitaleyecenter.com\/product\/universal-slit-lamp-adapter-2\/"},"modified":"2021-12-06T15:32:02","modified_gmt":"2021-12-06T20:32:02","slug":"adaptador-smartphone-lampara-hendidura","status":"publish","type":"product","link":"https:\/\/www.digitaleyecenter.com\/es\/product\/adaptador-smartphone-lampara-hendidura\/","title":{"rendered":"Adaptador de SmartPhone para L\u00e1mpara de Hendidura"},"content":{"rendered":"<p>El adaptador de Smarphone para L\u00e1mpara de Hendidura le permitir\u00e1 tomar fotograf\u00edas de alta calidad con rapidez usando cualquier Smartphone en el mercado.<\/p>\n<p>A diferencia de otros adaptadores de Smartphones \u00e9ste se ajusta de dos formas. Una ajusta el ancho del tel\u00e9fono y la otra la posici\u00f3n del ocular. De esta manera se adapta a cualquier tel\u00e9fono que quiera usar sin sacar el estuche.<\/p>\n<h3>Principales Ventajas del Adaptador de Smartphone para L\u00e1mpara de Hendidura:<\/h3>\n<ol>\n<li>Muy buena calidad de fotos. Todos los Smartphones actuales le dar\u00e1n una calidad decente, de 5 hasta 13+ megapixels.<\/li>\n<li>Tambi\u00e9n puede tomar fotos de fondo de ojo usando un lente de diagn\u00f3stico. \u00a0(Recomendamos usar v\u00eddeo para fondo de ojo)<\/li>\n<li>Varias opciones de aplicaciones para compartir las fotos, ya sea con colegas o su computadora.<\/li>\n<li>Los tama\u00f1os compatibles son de : 4&#8243; to 5.5&#8243; diagonal de pantalla. Ocular: 25 to 45 mm de diametro.<\/li>\n<li>Compatible con todas las l\u00e1mparas y microscopios en el mercado. \u00a0Bandas de adaptaci\u00f3n el\u00e1sticas incluidas para oculares peque\u00f1os.<\/li>\n<li>Toma segundos configurarlo. No es necesario sacar el Smartphone de su estuche.<\/li>\n<\/ol>\n<h2>El Kit incluye:<\/h2>\n<ol>\n<li>Adaptador de Smartphone para L\u00e1mparas de Hendidura\n<ol>\n<li>Ancho M\u00e1ximo:3.4 pulgadas<\/li>\n<li>El ocular debe ser entre 25 y 45 mm de di\u00e1metro.<\/li>\n<\/ol>\n<\/li>\n<li>Conjunto de bandas de adaptaci\u00f3n para los di\u00e1metros peque\u00f1os<\/li>\n<\/ol>\n","protected":false},"excerpt":{"rendered":"<p>Use cualquier Smartphone en cualquier l\u00e1mpara de hendidura para tomar fotos de alta resoluci\u00f3n r\u00e1pidamente con el adaptador de smartphone para l\u00e1mpara de hendidura. Incluimos bandas de silic\u00f3n para adaptarse a los oculares m\u00e1s peque\u00f1os.<\/p>\n<p><strong><em>**Env\u00edo GRATIS dentro de Estados Unidos. Enviamos Internacionalmente<\/em><\/strong><\/p>\n","protected":false},"featured_media":375,"template":"","meta":{"footnotes":""},"product_brand":[],"product_cat":[135,133],"product_tag":[67,68,70,78,77],"class_list":{"0":"post-723","1":"product","2":"type-product","3":"status-publish","4":"has-post-thumbnail","6":"product_cat-adaptadores-de-lampara-de-hendidura","7":"product_cat-fotografia-anterior","8":"product_tag-adaptador","9":"product_tag-anterior-es","10":"product_tag-lampara-de-hendidura","11":"product_tag-smartphone-es","12":"product_tag-universal-es","14":"first","15":"outofstock","16":"taxable","17":"shipping-taxable","18":"purchasable","19":"product-type-simple"},"df_price":256,"df_sale_price":"","df_regular_price":256,"df_image_link":"https:\/\/www.digitaleyecenter.com\/wp-content\/uploads\/2015\/07\/DC-UNIRUB-1.jpg","_links":{"self":[{"href":"https:\/\/www.digitaleyecenter.com\/es\/wp-json\/wp\/v2\/product\/723","targetHints":{"allow":["GET"]}}],"collection":[{"href":"https:\/\/www.digitaleyecenter.com\/es\/wp-json\/wp\/v2\/product"}],"about":[{"href":"https:\/\/www.digitaleyecenter.com\/es\/wp-json\/wp\/v2\/types\/product"}],"version-history":[{"count":0,"href":"https:\/\/www.digitaleyecenter.com\/es\/wp-json\/wp\/v2\/product\/723\/revisions"}],"wp:featuredmedia":[{"embeddable":true,"href":"https:\/\/www.digitaleyecenter.com\/es\/wp-json\/wp\/v2\/media\/375"}],"wp:attachment":[{"href":"https:\/\/www.digitaleyecenter.com\/es\/wp-json\/wp\/v2\/media?parent=723"}],"wp:term":[{"taxonomy":"product_brand","embeddable":true,"href":"https:\/\/www.digitaleyecenter.com\/es\/wp-json\/wp\/v2\/product_brand?post=723"},{"taxonomy":"product_cat","embeddable":true,"href":"https:\/\/www.digitaleyecenter.com\/es\/wp-json\/wp\/v2\/product_cat?post=723"},{"taxonomy":"product_tag","embeddable":true,"href":"https:\/\/www.digitaleyecenter.com\/es\/wp-json\/wp\/v2\/product_tag?post=723"}],"curies":[{"name":"wp","href":"https:\/\/api.w.org\/{rel}","templated":true}]}}